{"id":5,"date":"2019-04-29T13:24:08","date_gmt":"2019-04-29T13:24:08","guid":{"rendered":"http:\/\/rejowiec.diecezja.lublin.pl\/?page_id=5"},"modified":"2025-10-03T09:53:33","modified_gmt":"2025-10-03T07:53:33","slug":"5-2","status":"publish","type":"page","link":"https:\/\/rejowiec.diecezja.lublin.pl\/","title":{"rendered":"Strona G\u0142\u00f3wna"},"content":{"rendered":"<ul class=\"wp-block-latest-posts__list has-dates wp-block-latest-posts\"><li><a class=\"wp-block-latest-posts__post-title\" href=\"https:\/\/rejowiec.diecezja.lublin.pl\/?p=1347\">Modlitwa Anio\u0142a<\/a><time datetime=\"2026-04-19T08:32:52+02:00\" class=\"wp-block-latest-posts__post-date\">19 kwietnia, 2026<\/time><div class=\"wp-block-latest-posts__post-full-content\"><!-- wp:heading {\"level\":3} -->\n<h3 class=\"wp-block-heading\"><strong>Zadanie<\/strong><\/h3>\n<!-- \/wp:heading -->\n\n<!-- wp:paragraph {\"fontSize\":\"medium\"} -->\n<p class=\"has-medium-font-size\">Rozwa\u017c\u0119 tre\u015b\u0107 modlitwy, kt\u00f3re uczy nas Anio\u0142 i b\u0119d\u0119 stara\u0142 si\u0119 ni\u0105 modli\u0107 ka\u017cdego dnia:<br><br>\u201e<em>O m\u00f3j Bo\u017ce, wierz\u0119 w Ciebie, uwielbiam Ciebie, ufam Tobie, kocham Ci\u0119. Prosz\u0119 Ci\u0119, by\u015b wybaczy\u0142 tym, kt\u00f3rzy nie wierz\u0105, kt\u00f3rzy Ci\u0119 nie uwielbiaj\u0105, kt\u00f3rzy Ci\u0119 nie kochaj\u0105, kt\u00f3rzy Ci nie ufaj\u0105<\/em>&#8220;<\/p>\n<!-- \/wp:paragraph -->\n\n<!-- wp:paragraph -->\n<p><\/p>\n<!-- \/wp:paragraph --><\/div><\/li>\n<\/ul>","protected":false},"excerpt":{"rendered":"","protected":false},"author":1,"featured_media":0,"parent":0,"menu_order":0,"comment_status":"closed","ping_status":"closed","template":"","meta":{"footnotes":""},"class_list":["post-5","page","type-page","status-publish","hentry"],"_links":{"self":[{"href":"https:\/\/rejowiec.diecezja.lublin.pl\/index.php?rest_route=\/wp\/v2\/pages\/5","targetHints":{"allow":["GET"]}}],"collection":[{"href":"https:\/\/rejowiec.diecezja.lublin.pl\/index.php?rest_route=\/wp\/v2\/pages"}],"about":[{"href":"https:\/\/rejowiec.diecezja.lublin.pl\/index.php?rest_route=\/wp\/v2\/types\/page"}],"author":[{"embeddable":true,"href":"https:\/\/rejowiec.diecezja.lublin.pl\/index.php?rest_route=\/wp\/v2\/users\/1"}],"replies":[{"embeddable":true,"href":"https:\/\/rejowiec.diecezja.lublin.pl\/index.php?rest_route=%2Fwp%2Fv2%2Fcomments&post=5"}],"version-history":[{"count":141,"href":"https:\/\/rejowiec.diecezja.lublin.pl\/index.php?rest_route=\/wp\/v2\/pages\/5\/revisions"}],"predecessor-version":[{"id":1338,"href":"https:\/\/rejowiec.diecezja.lublin.pl\/index.php?rest_route=\/wp\/v2\/pages\/5\/revisions\/1338"}],"wp:attachment":[{"href":"https:\/\/rejowiec.diecezja.lublin.pl\/index.php?rest_route=%2Fwp%2Fv2%2Fmedia&parent=5"}],"curies":[{"name":"wp","href":"https:\/\/api.w.org\/{rel}","templated":true}]}}